{"id":662,"date":"2026-03-29T19:06:39","date_gmt":"2026-03-29T19:06:39","guid":{"rendered":"https:\/\/www.dalyancarettatravel.com\/?page_id=662"},"modified":"2026-03-30T21:45:20","modified_gmt":"2026-03-30T21:45:20","slug":"something-special","status":"publish","type":"page","link":"https:\/\/www.dalyancarettatravel.com\/tur\/something-special\/","title":{"rendered":"Something Special"},"content":{"rendered":"<div data-elementor-type=\"wp-page\" data-elementor-id=\"662\" class=\"elementor elementor-662\" data-elementor-post-type=\"page\">\n\t\t\t\t<div class=\"elementor-element elementor-element-35fdbe14 e-con-full e-flex e-con e-parent\" data-id=\"35fdbe14\" data-element_type=\"container\" data-e-type=\"container\">\n\t\t<div class=\"elementor-element elementor-element-2bf85388 e-flex e-con-boxed e-con e-child\" data-id=\"2bf85388\" data-element_type=\"container\" data-e-type=\"container\" data-settings=\"{&quot;background_background&quot;:&quot;classic&quot;}\">\n\t\t\t\t\t<div class=\"e-con-inner\">\n\t\t\t\t<div class=\"elementor-element elementor-element-58735b3e elementor-invisible elementor-widget elementor-widget-heading\" data-id=\"58735b3e\" data-element_type=\"widget\" data-e-type=\"widget\" data-settings=\"{&quot;_animation&quot;:&quot;fadeInUp&quot;}\" data-widget_type=\"heading.default\">\n\t\t\t\t\t<h1 class=\"elementor-heading-title elementor-size-default\">Something SpeciaL<\/h1>\t\t\t\t<\/div>\n\t\t\t\t\t<\/div>\n\t\t\t\t<\/div>\n\t\t\t\t<\/div>\n\t\t<div class=\"elementor-element elementor-element-6c15f87a e-flex e-con-boxed e-con e-parent\" data-id=\"6c15f87a\" data-element_type=\"container\" data-e-type=\"container\">\n\t\t\t\t\t<div class=\"e-con-inner\">\n\t\t<div class=\"elementor-element elementor-element-6d70c663 e-con-full e-flex e-con e-child\" data-id=\"6d70c663\" data-element_type=\"container\" data-e-type=\"container\">\n\t\t\t\t<div class=\"elementor-element elementor-element-9455b81 elementor-icon-list--layout-traditional elementor-list-item-link-full_width elementor-invisible elementor-widget elementor-widget-icon-list\" data-id=\"9455b81\" data-element_type=\"widget\" data-e-type=\"widget\" data-settings=\"{&quot;_animation&quot;:&quot;fadeInUp&quot;}\" data-widget_type=\"icon-list.default\">\n\t\t\t\t\t\t\t<ul class=\"elementor-icon-list-items\">\n\t\t\t\t\t\t\t<li class=\"elementor-icon-list-item\">\n\t\t\t\t\t\t\t\t\t\t\t<span class=\"elementor-icon-list-icon\">\n\t\t\t\t\t\t\t<svg aria-hidden=\"true\" class=\"e-font-icon-svg e-fas-map-marker-alt\" viewbox=\"0 0 384 512\" xmlns=\"http:\/\/www.w3.org\/2000\/svg\"><path d=\"M172.268 501.67C26.97 291.031 0 269.413 0 192 0 85.961 85.961 0 192 0s192 85.961 192 192c0 77.413-26.97 99.031-172.268 309.67-9.535 13.774-29.93 13.773-39.464 0zM192 272c44.183 0 80-35.817 80-80s-35.817-80-80-80-80 35.817-80 80 35.817 80 80 80z\"><\/path><\/svg>\t\t\t\t\t\t<\/span>\n\t\t\t\t\t\t\t\t\t\t<span class=\"elementor-icon-list-text\">Dalyan<\/span>\n\t\t\t\t\t\t\t\t\t<\/li>\n\t\t\t\t\t\t<\/ul>\n\t\t\t\t\t\t<\/div>\n\t\t\t\t<div class=\"elementor-element elementor-element-16879cda elementor-invisible elementor-widget elementor-widget-heading\" data-id=\"16879cda\" data-element_type=\"widget\" data-e-type=\"widget\" data-settings=\"{&quot;_animation&quot;:&quot;fadeInUp&quot;}\" data-widget_type=\"heading.default\">\n\t\t\t\t\t<h3 class=\"elementor-heading-title elementor-size-default\">Something Special<\/h3>\t\t\t\t<\/div>\n\t\t\t\t<div class=\"elementor-element elementor-element-1bd8b5fb elementor-invisible elementor-widget elementor-widget-text-editor\" data-id=\"1bd8b5fb\" data-element_type=\"widget\" data-e-type=\"widget\" data-settings=\"{&quot;_animation&quot;:&quot;fadeInUp&quot;}\" data-widget_type=\"text-editor.default\">\n\t\t\t\t\t\t\t\t\t<p>Kaptanl\u0131 teknemizi tamamen size \u00f6zel olarak kiralama \u015fans\u0131na sahipsiniz. Her yolculu\u011fu, tamamen sizin istek ve beklentilerinize g\u00f6re ki\u015fiselle\u015ftiriyoruz. Detaylar ve sorular\u0131n\u0131z i\u00e7in ekibimizle diledi\u011finiz zaman ileti\u015fime ge\u00e7ebilirsiniz; kaptanlar\u0131m\u0131z sizi teknemizde a\u011f\u0131rlamak i\u00e7in sab\u0131rs\u0131zlan\u0131yor!<\/p>\t\t\t\t\t\t\t\t<\/div>\n\t\t<div class=\"elementor-element elementor-element-6dc4efd1 e-con-full e-flex e-con e-child\" data-id=\"6dc4efd1\" data-element_type=\"container\" data-e-type=\"container\">\n\t\t\t\t<div class=\"elementor-element elementor-element-6ae13ed1 elementor-invisible elementor-widget elementor-widget-heading\" data-id=\"6ae13ed1\" data-element_type=\"widget\" data-e-type=\"widget\" data-settings=\"{&quot;_animation&quot;:&quot;fadeInUp&quot;}\" data-widget_type=\"heading.default\">\n\t\t\t\t\t<h6 class=\"elementor-heading-title elementor-size-default\">Galeri<\/h6>\t\t\t\t<\/div>\n\t\t\t\t<div class=\"elementor-element elementor-element-5e079048 gallery-spacing-custom elementor-invisible elementor-widget elementor-widget-image-gallery\" data-id=\"5e079048\" data-element_type=\"widget\" data-e-type=\"widget\" data-settings=\"{&quot;_animation&quot;:&quot;fadeInUp&quot;}\" data-widget_type=\"image-gallery.default\">\n\t\t\t\t\t\t\t<div class=\"elementor-image-gallery\">\n\t\t\t<div id='gallery-1' class='gallery galleryid-662 gallery-columns-2 gallery-size-full'><figure class='gallery-item'>\n\t\t\t<div class='gallery-icon landscape'>\n\t\t\t\t<a data-elementor-open-lightbox=\"yes\" data-elementor-lightbox-slideshow=\"5e079048\" data-elementor-lightbox-title=\"kendi-turunu-kendin-yarat-01\" data-e-action-hash=\"#elementor-action%3Aaction%3Dlightbox%26settings%3DeyJpZCI6NjY2LCJ1cmwiOiJodHRwczpcL1wvd3d3LmRhbHlhbmNhcmV0dGF0cmF2ZWwuY29tXC93cC1jb250ZW50XC91cGxvYWRzXC8yMDI2XC8wM1wva2VuZGktdHVydW51LWtlbmRpbi15YXJhdC0wMS5qcGciLCJzbGlkZXNob3ciOiI1ZTA3OTA0OCJ9\" href='https:\/\/www.dalyancarettatravel.com\/wp-content\/uploads\/2026\/03\/kendi-turunu-kendin-yarat-01.jpg'><img fetchpriority=\"high\" decoding=\"async\" width=\"800\" height=\"600\" src=\"https:\/\/www.dalyancarettatravel.com\/wp-content\/uploads\/2026\/03\/kendi-turunu-kendin-yarat-01.jpg\" class=\"attachment-full size-full\" alt=\"\" srcset=\"https:\/\/www.dalyancarettatravel.com\/wp-content\/uploads\/2026\/03\/kendi-turunu-kendin-yarat-01.jpg 800w, https:\/\/www.dalyancarettatravel.com\/wp-content\/uploads\/2026\/03\/kendi-turunu-kendin-yarat-01-300x225.jpg 300w, https:\/\/www.dalyancarettatravel.com\/wp-content\/uploads\/2026\/03\/kendi-turunu-kendin-yarat-01-768x576.jpg 768w, https:\/\/www.dalyancarettatravel.com\/wp-content\/uploads\/2026\/03\/kendi-turunu-kendin-yarat-01-16x12.jpg 16w\" sizes=\"(max-width: 800px) 100vw, 800px\" \/><\/a>\n\t\t\t<\/div><\/figure><figure class='gallery-item'>\n\t\t\t<div class='gallery-icon landscape'>\n\t\t\t\t<a data-elementor-open-lightbox=\"yes\" data-elementor-lightbox-slideshow=\"5e079048\" data-elementor-lightbox-title=\"seytancik-turu-02\" data-e-action-hash=\"#elementor-action%3Aaction%3Dlightbox%26settings%3DeyJpZCI6NjY3LCJ1cmwiOiJodHRwczpcL1wvd3d3LmRhbHlhbmNhcmV0dGF0cmF2ZWwuY29tXC93cC1jb250ZW50XC91cGxvYWRzXC8yMDI2XC8wM1wvc2V5dGFuY2lrLXR1cnUtMDItMS5qcGciLCJzbGlkZXNob3ciOiI1ZTA3OTA0OCJ9\" href='https:\/\/www.dalyancarettatravel.com\/wp-content\/uploads\/2026\/03\/seytancik-turu-02-1.jpg'><img decoding=\"async\" width=\"800\" height=\"600\" src=\"https:\/\/www.dalyancarettatravel.com\/wp-content\/uploads\/2026\/03\/seytancik-turu-02-1.jpg\" class=\"attachment-full size-full\" alt=\"\" srcset=\"https:\/\/www.dalyancarettatravel.com\/wp-content\/uploads\/2026\/03\/seytancik-turu-02-1.jpg 800w, https:\/\/www.dalyancarettatravel.com\/wp-content\/uploads\/2026\/03\/seytancik-turu-02-1-300x225.jpg 300w, https:\/\/www.dalyancarettatravel.com\/wp-content\/uploads\/2026\/03\/seytancik-turu-02-1-768x576.jpg 768w, https:\/\/www.dalyancarettatravel.com\/wp-content\/uploads\/2026\/03\/seytancik-turu-02-1-16x12.jpg 16w\" sizes=\"(max-width: 800px) 100vw, 800px\" \/><\/a>\n\t\t\t<\/div><\/figure><figure class='gallery-item'>\n\t\t\t<div class='gallery-icon landscape'>\n\t\t\t\t<a data-elementor-open-lightbox=\"yes\" data-elementor-lightbox-slideshow=\"5e079048\" data-elementor-lightbox-title=\"kendi-turunu-kendin-yarat-02\" data-e-action-hash=\"#elementor-action%3Aaction%3Dlightbox%26settings%3DeyJpZCI6NjY4LCJ1cmwiOiJodHRwczpcL1wvd3d3LmRhbHlhbmNhcmV0dGF0cmF2ZWwuY29tXC93cC1jb250ZW50XC91cGxvYWRzXC8yMDI2XC8wM1wva2VuZGktdHVydW51LWtlbmRpbi15YXJhdC0wMi5qcGciLCJzbGlkZXNob3ciOiI1ZTA3OTA0OCJ9\" href='https:\/\/www.dalyancarettatravel.com\/wp-content\/uploads\/2026\/03\/kendi-turunu-kendin-yarat-02.jpg'><img decoding=\"async\" width=\"800\" height=\"600\" src=\"https:\/\/www.dalyancarettatravel.com\/wp-content\/uploads\/2026\/03\/kendi-turunu-kendin-yarat-02.jpg\" class=\"attachment-full size-full\" alt=\"\" srcset=\"https:\/\/www.dalyancarettatravel.com\/wp-content\/uploads\/2026\/03\/kendi-turunu-kendin-yarat-02.jpg 800w, https:\/\/www.dalyancarettatravel.com\/wp-content\/uploads\/2026\/03\/kendi-turunu-kendin-yarat-02-300x225.jpg 300w, https:\/\/www.dalyancarettatravel.com\/wp-content\/uploads\/2026\/03\/kendi-turunu-kendin-yarat-02-768x576.jpg 768w, https:\/\/www.dalyancarettatravel.com\/wp-content\/uploads\/2026\/03\/kendi-turunu-kendin-yarat-02-16x12.jpg 16w\" sizes=\"(max-width: 800px) 100vw, 800px\" \/><\/a>\n\t\t\t<\/div><\/figure><figure class='gallery-item'>\n\t\t\t<div class='gallery-icon landscape'>\n\t\t\t\t<a data-elementor-open-lightbox=\"yes\" data-elementor-lightbox-slideshow=\"5e079048\" data-elementor-lightbox-title=\"kendi-turunu-kendin-yarat-03\" data-e-action-hash=\"#elementor-action%3Aaction%3Dlightbox%26settings%3DeyJpZCI6NjY1LCJ1cmwiOiJodHRwczpcL1wvd3d3LmRhbHlhbmNhcmV0dGF0cmF2ZWwuY29tXC93cC1jb250ZW50XC91cGxvYWRzXC8yMDI2XC8wM1wva2VuZGktdHVydW51LWtlbmRpbi15YXJhdC0wMy5qcGciLCJzbGlkZXNob3ciOiI1ZTA3OTA0OCJ9\" href='https:\/\/www.dalyancarettatravel.com\/wp-content\/uploads\/2026\/03\/kendi-turunu-kendin-yarat-03.jpg'><img loading=\"lazy\" decoding=\"async\" width=\"800\" height=\"600\" src=\"https:\/\/www.dalyancarettatravel.com\/wp-content\/uploads\/2026\/03\/kendi-turunu-kendin-yarat-03.jpg\" class=\"attachment-full size-full\" alt=\"\" srcset=\"https:\/\/www.dalyancarettatravel.com\/wp-content\/uploads\/2026\/03\/kendi-turunu-kendin-yarat-03.jpg 800w, https:\/\/www.dalyancarettatravel.com\/wp-content\/uploads\/2026\/03\/kendi-turunu-kendin-yarat-03-300x225.jpg 300w, https:\/\/www.dalyancarettatravel.com\/wp-content\/uploads\/2026\/03\/kendi-turunu-kendin-yarat-03-768x576.jpg 768w, https:\/\/www.dalyancarettatravel.com\/wp-content\/uploads\/2026\/03\/kendi-turunu-kendin-yarat-03-16x12.jpg 16w\" sizes=\"(max-width: 800px) 100vw, 800px\" \/><\/a>\n\t\t\t<\/div><\/figure>\n\t\t<\/div>\n\t\t<\/div>\n\t\t\t\t\t\t<\/div>\n\t\t\t\t<\/div>\n\t\t\t\t<\/div>\n\t\t<div class=\"elementor-element elementor-element-291ee341 e-con-full e-flex e-con e-child\" data-id=\"291ee341\" data-element_type=\"container\" data-e-type=\"container\">\n\t\t<div class=\"elementor-element elementor-element-8a77de8 e-con-full e-flex elementor-invisible e-con e-child\" data-id=\"8a77de8\" data-element_type=\"container\" data-e-type=\"container\" data-settings=\"{&quot;background_background&quot;:&quot;classic&quot;,&quot;animation&quot;:&quot;fadeInUp&quot;}\">\n\t\t\t\t<div class=\"elementor-element elementor-element-428b1dae elementor-widget elementor-widget-heading\" data-id=\"428b1dae\" data-element_type=\"widget\" data-e-type=\"widget\" data-widget_type=\"heading.default\">\n\t\t\t\t\t<h2 class=\"elementor-heading-title elementor-size-default\">Fiyat Sorunuz<\/h2>\t\t\t\t<\/div>\n\t\t\t\t<div class=\"elementor-element elementor-element-3e46bfa6 elementor-align-justify elementor-widget__width-inherit elementor-widget elementor-widget-button\" data-id=\"3e46bfa6\" data-element_type=\"widget\" data-e-type=\"widget\" data-widget_type=\"button.default\">\n\t\t\t\t\t\t\t\t\t\t<a class=\"elementor-button elementor-button-link elementor-size-sm\" href=\"https:\/\/www.dalyancarettatravel.com\/tur\/contact\/\">\n\t\t\t\t\t\t<span class=\"elementor-button-content-wrapper\">\n\t\t\t\t\t\t\t\t\t<span class=\"elementor-button-text\">\u015eimdi Rezervasyon Yap\u0131n<\/span>\n\t\t\t\t\t<\/span>\n\t\t\t\t\t<\/a>\n\t\t\t\t\t\t\t\t<\/div>\n\t\t\t\t<\/div>\n\t\t\t\t<\/div>\n\t\t\t\t\t<\/div>\n\t\t\t\t<\/div>\n\t\t\t\t<\/div>","protected":false},"excerpt":{"rendered":"<p>Something SpeciaL Dalyan Something Special Guests have the option for exclusive hire of the boat with a captain. Each tour is customised for you and your requirements.If you have any questions about any of the tours, then please do not hesitate in speaking with a member of staff. Our captains look forward to welcoming you [&hellip;]<\/p>\n","protected":false},"author":1,"featured_media":0,"parent":0,"menu_order":0,"comment_status":"closed","ping_status":"closed","template":"","meta":{"footnotes":""},"class_list":["post-662","page","type-page","status-publish","hentry"],"yoast_head":"<!-- This site is optimized with the Yoast SEO plugin v27.3 - https:\/\/yoast.com\/product\/yoast-seo-wordpress\/ -->\n<title>Something Special &#062; Dalyan Caretta Travel Agency<\/title>\n<meta name=\"robots\" content=\"index, follow, max-snippet:-1, max-image-preview:large, max-video-preview:-1\" \/>\n<link rel=\"canonical\" href=\"https:\/\/www.dalyancarettatravel.com\/tur\/something-special\/\" \/>\n<meta property=\"og:locale\" content=\"tr_TR\" \/>\n<meta property=\"og:type\" content=\"article\" \/>\n<meta property=\"og:title\" content=\"Something Special &#062; Dalyan Caretta Travel Agency\" \/>\n<meta property=\"og:description\" content=\"Something SpeciaL Dalyan Something Special Guests have the option for exclusive hire of the boat with a captain. Each tour is customised for you and your requirements.If you have any questions about any of the tours, then please do not hesitate in speaking with a member of staff. Our captains look forward to welcoming you [&hellip;]\" \/>\n<meta property=\"og:url\" content=\"https:\/\/www.dalyancarettatravel.com\/tur\/something-special\/\" \/>\n<meta property=\"og:site_name\" content=\"Dalyan Caretta Travel Agency\" \/>\n<meta property=\"article:publisher\" content=\"https:\/\/www.facebook.com\/dalyanyemeklitekneturlari\/\" \/>\n<meta property=\"article:modified_time\" content=\"2026-03-30T21:45:20+00:00\" \/>\n<meta property=\"og:image\" content=\"https:\/\/www.dalyancarettatravel.com\/wp-content\/uploads\/2026\/03\/kendi-turunu-kendin-yarat-01.jpg\" \/>\n<meta name=\"twitter:card\" content=\"summary_large_image\" \/>\n<script type=\"application\/ld+json\" class=\"yoast-schema-graph\">{\"@context\":\"https:\\\/\\\/schema.org\",\"@graph\":[{\"@type\":\"WebPage\",\"@id\":\"https:\\\/\\\/www.dalyancarettatravel.com\\\/something-special\\\/\",\"url\":\"https:\\\/\\\/www.dalyancarettatravel.com\\\/something-special\\\/\",\"name\":\"Something Special &#062; Dalyan Caretta Travel Agency\",\"isPartOf\":{\"@id\":\"https:\\\/\\\/www.dalyancarettatravel.com\\\/#website\"},\"primaryImageOfPage\":{\"@id\":\"https:\\\/\\\/www.dalyancarettatravel.com\\\/something-special\\\/#primaryimage\"},\"image\":{\"@id\":\"https:\\\/\\\/www.dalyancarettatravel.com\\\/something-special\\\/#primaryimage\"},\"thumbnailUrl\":\"https:\\\/\\\/www.dalyancarettatravel.com\\\/wp-content\\\/uploads\\\/2026\\\/03\\\/kendi-turunu-kendin-yarat-01.jpg\",\"datePublished\":\"2026-03-29T19:06:39+00:00\",\"dateModified\":\"2026-03-30T21:45:20+00:00\",\"breadcrumb\":{\"@id\":\"https:\\\/\\\/www.dalyancarettatravel.com\\\/something-special\\\/#breadcrumb\"},\"inLanguage\":\"tr\",\"potentialAction\":[{\"@type\":\"ReadAction\",\"target\":[\"https:\\\/\\\/www.dalyancarettatravel.com\\\/something-special\\\/\"]}]},{\"@type\":\"ImageObject\",\"inLanguage\":\"tr\",\"@id\":\"https:\\\/\\\/www.dalyancarettatravel.com\\\/something-special\\\/#primaryimage\",\"url\":\"https:\\\/\\\/www.dalyancarettatravel.com\\\/wp-content\\\/uploads\\\/2026\\\/03\\\/kendi-turunu-kendin-yarat-01.jpg\",\"contentUrl\":\"https:\\\/\\\/www.dalyancarettatravel.com\\\/wp-content\\\/uploads\\\/2026\\\/03\\\/kendi-turunu-kendin-yarat-01.jpg\"},{\"@type\":\"BreadcrumbList\",\"@id\":\"https:\\\/\\\/www.dalyancarettatravel.com\\\/something-special\\\/#breadcrumb\",\"itemListElement\":[{\"@type\":\"ListItem\",\"position\":1,\"name\":\"Anasayfa\",\"item\":\"https:\\\/\\\/www.dalyancarettatravel.com\\\/\"},{\"@type\":\"ListItem\",\"position\":2,\"name\":\"Something Special\"}]},{\"@type\":\"WebSite\",\"@id\":\"https:\\\/\\\/www.dalyancarettatravel.com\\\/#website\",\"url\":\"https:\\\/\\\/www.dalyancarettatravel.com\\\/\",\"name\":\"Dalyan Boat Trips\",\"description\":\"Dalyan Boat Trips\",\"publisher\":{\"@id\":\"https:\\\/\\\/www.dalyancarettatravel.com\\\/#organization\"},\"potentialAction\":[{\"@type\":\"SearchAction\",\"target\":{\"@type\":\"EntryPoint\",\"urlTemplate\":\"https:\\\/\\\/www.dalyancarettatravel.com\\\/?s={search_term_string}\"},\"query-input\":{\"@type\":\"PropertyValueSpecification\",\"valueRequired\":true,\"valueName\":\"search_term_string\"}}],\"inLanguage\":\"tr\"},{\"@type\":\"Organization\",\"@id\":\"https:\\\/\\\/www.dalyancarettatravel.com\\\/#organization\",\"name\":\"Dalyan Caretta Travel Agency\",\"url\":\"https:\\\/\\\/www.dalyancarettatravel.com\\\/\",\"logo\":{\"@type\":\"ImageObject\",\"inLanguage\":\"tr\",\"@id\":\"https:\\\/\\\/www.dalyancarettatravel.com\\\/#\\\/schema\\\/logo\\\/image\\\/\",\"url\":\"https:\\\/\\\/www.dalyancarettatravel.com\\\/wp-content\\\/uploads\\\/2026\\\/03\\\/dalyan-caretta-travel-agency-son.pdf-scaled.png\",\"contentUrl\":\"https:\\\/\\\/www.dalyancarettatravel.com\\\/wp-content\\\/uploads\\\/2026\\\/03\\\/dalyan-caretta-travel-agency-son.pdf-scaled.png\",\"width\":2560,\"height\":614,\"caption\":\"Dalyan Caretta Travel Agency\"},\"image\":{\"@id\":\"https:\\\/\\\/www.dalyancarettatravel.com\\\/#\\\/schema\\\/logo\\\/image\\\/\"},\"sameAs\":[\"https:\\\/\\\/www.facebook.com\\\/dalyanyemeklitekneturlari\\\/\",\"https:\\\/\\\/www.instagram.com\\\/dalyanyemeklitekneturlari\\\/\"]}]}<\/script>\n<!-- \/ Yoast SEO plugin. -->","yoast_head_json":{"title":"Something Special &#062; Dalyan Caretta Travel Agency","robots":{"index":"index","follow":"follow","max-snippet":"max-snippet:-1","max-image-preview":"max-image-preview:large","max-video-preview":"max-video-preview:-1"},"canonical":"https:\/\/www.dalyancarettatravel.com\/tur\/something-special\/","og_locale":"tr_TR","og_type":"article","og_title":"Something Special &#062; Dalyan Caretta Travel Agency","og_description":"Something SpeciaL Dalyan Something Special Guests have the option for exclusive hire of the boat with a captain. Each tour is customised for you and your requirements.If you have any questions about any of the tours, then please do not hesitate in speaking with a member of staff. Our captains look forward to welcoming you [&hellip;]","og_url":"https:\/\/www.dalyancarettatravel.com\/tur\/something-special\/","og_site_name":"Dalyan Caretta Travel Agency","article_publisher":"https:\/\/www.facebook.com\/dalyanyemeklitekneturlari\/","article_modified_time":"2026-03-30T21:45:20+00:00","og_image":[{"url":"https:\/\/www.dalyancarettatravel.com\/wp-content\/uploads\/2026\/03\/kendi-turunu-kendin-yarat-01.jpg","type":"","width":"","height":""}],"twitter_card":"summary_large_image","schema":{"@context":"https:\/\/schema.org","@graph":[{"@type":"WebPage","@id":"https:\/\/www.dalyancarettatravel.com\/something-special\/","url":"https:\/\/www.dalyancarettatravel.com\/something-special\/","name":"Something Special &#062; Dalyan Caretta Travel Agency","isPartOf":{"@id":"https:\/\/www.dalyancarettatravel.com\/#website"},"primaryImageOfPage":{"@id":"https:\/\/www.dalyancarettatravel.com\/something-special\/#primaryimage"},"image":{"@id":"https:\/\/www.dalyancarettatravel.com\/something-special\/#primaryimage"},"thumbnailUrl":"https:\/\/www.dalyancarettatravel.com\/wp-content\/uploads\/2026\/03\/kendi-turunu-kendin-yarat-01.jpg","datePublished":"2026-03-29T19:06:39+00:00","dateModified":"2026-03-30T21:45:20+00:00","breadcrumb":{"@id":"https:\/\/www.dalyancarettatravel.com\/something-special\/#breadcrumb"},"inLanguage":"tr","potentialAction":[{"@type":"ReadAction","target":["https:\/\/www.dalyancarettatravel.com\/something-special\/"]}]},{"@type":"ImageObject","inLanguage":"tr","@id":"https:\/\/www.dalyancarettatravel.com\/something-special\/#primaryimage","url":"https:\/\/www.dalyancarettatravel.com\/wp-content\/uploads\/2026\/03\/kendi-turunu-kendin-yarat-01.jpg","contentUrl":"https:\/\/www.dalyancarettatravel.com\/wp-content\/uploads\/2026\/03\/kendi-turunu-kendin-yarat-01.jpg"},{"@type":"BreadcrumbList","@id":"https:\/\/www.dalyancarettatravel.com\/something-special\/#breadcrumb","itemListElement":[{"@type":"ListItem","position":1,"name":"Anasayfa","item":"https:\/\/www.dalyancarettatravel.com\/"},{"@type":"ListItem","position":2,"name":"Something Special"}]},{"@type":"WebSite","@id":"https:\/\/www.dalyancarettatravel.com\/#website","url":"https:\/\/www.dalyancarettatravel.com\/","name":"Dalyan Boat Trips","description":"Dalyan Boat Trips","publisher":{"@id":"https:\/\/www.dalyancarettatravel.com\/#organization"},"potentialAction":[{"@type":"SearchAction","target":{"@type":"EntryPoint","urlTemplate":"https:\/\/www.dalyancarettatravel.com\/?s={search_term_string}"},"query-input":{"@type":"PropertyValueSpecification","valueRequired":true,"valueName":"search_term_string"}}],"inLanguage":"tr"},{"@type":"Organization","@id":"https:\/\/www.dalyancarettatravel.com\/#organization","name":"Dalyan Caretta Travel Agency","url":"https:\/\/www.dalyancarettatravel.com\/","logo":{"@type":"ImageObject","inLanguage":"tr","@id":"https:\/\/www.dalyancarettatravel.com\/#\/schema\/logo\/image\/","url":"https:\/\/www.dalyancarettatravel.com\/wp-content\/uploads\/2026\/03\/dalyan-caretta-travel-agency-son.pdf-scaled.png","contentUrl":"https:\/\/www.dalyancarettatravel.com\/wp-content\/uploads\/2026\/03\/dalyan-caretta-travel-agency-son.pdf-scaled.png","width":2560,"height":614,"caption":"Dalyan Caretta Travel Agency"},"image":{"@id":"https:\/\/www.dalyancarettatravel.com\/#\/schema\/logo\/image\/"},"sameAs":["https:\/\/www.facebook.com\/dalyanyemeklitekneturlari\/","https:\/\/www.instagram.com\/dalyanyemeklitekneturlari\/"]}]}},"_links":{"self":[{"href":"https:\/\/www.dalyancarettatravel.com\/tur\/wp-json\/wp\/v2\/pages\/662","targetHints":{"allow":["GET"]}}],"collection":[{"href":"https:\/\/www.dalyancarettatravel.com\/tur\/wp-json\/wp\/v2\/pages"}],"about":[{"href":"https:\/\/www.dalyancarettatravel.com\/tur\/wp-json\/wp\/v2\/types\/page"}],"author":[{"embeddable":true,"href":"https:\/\/www.dalyancarettatravel.com\/tur\/wp-json\/wp\/v2\/users\/1"}],"replies":[{"embeddable":true,"href":"https:\/\/www.dalyancarettatravel.com\/tur\/wp-json\/wp\/v2\/comments?post=662"}],"version-history":[{"count":0,"href":"https:\/\/www.dalyancarettatravel.com\/tur\/wp-json\/wp\/v2\/pages\/662\/revisions"}],"wp:attachment":[{"href":"https:\/\/www.dalyancarettatravel.com\/tur\/wp-json\/wp\/v2\/media?parent=662"}],"curies":[{"name":"wp","href":"https:\/\/api.w.org\/{rel}","templated":true}]}}