{"id":535,"date":"2026-03-28T15:43:09","date_gmt":"2026-03-28T15:43:09","guid":{"rendered":"https:\/\/www.dalyancarettatravel.com\/?page_id=535"},"modified":"2026-03-30T21:33:44","modified_gmt":"2026-03-30T21:33:44","slug":"12-islands-sailing","status":"publish","type":"page","link":"https:\/\/www.dalyancarettatravel.com\/tur\/12-islands-sailing\/","title":{"rendered":"12 Islands Sailing"},"content":{"rendered":"<div data-elementor-type=\"wp-page\" data-elementor-id=\"535\" class=\"elementor elementor-535\" data-elementor-post-type=\"page\">\n\t\t\t\t<div class=\"elementor-element elementor-element-2a53201f e-con-full e-flex e-con e-parent\" data-id=\"2a53201f\" data-element_type=\"container\" data-e-type=\"container\">\n\t\t<div class=\"elementor-element elementor-element-14b766c4 e-flex e-con-boxed e-con e-child\" data-id=\"14b766c4\" data-element_type=\"container\" data-e-type=\"container\" data-settings=\"{&quot;background_background&quot;:&quot;classic&quot;}\">\n\t\t\t\t\t<div class=\"e-con-inner\">\n\t\t\t\t<div class=\"elementor-element elementor-element-6d788d7 elementor-invisible elementor-widget elementor-widget-heading\" data-id=\"6d788d7\" data-element_type=\"widget\" data-e-type=\"widget\" data-settings=\"{&quot;_animation&quot;:&quot;fadeInUp&quot;}\" data-widget_type=\"heading.default\">\n\t\t\t\t\t<h1 class=\"elementor-heading-title elementor-size-default\">G\u00f6cek 12 Adalar Turu<\/h1>\t\t\t\t<\/div>\n\t\t\t\t\t<\/div>\n\t\t\t\t<\/div>\n\t\t\t\t<\/div>\n\t\t<div class=\"elementor-element elementor-element-5c9a65e0 e-flex e-con-boxed e-con e-parent\" data-id=\"5c9a65e0\" data-element_type=\"container\" data-e-type=\"container\">\n\t\t\t\t\t<div class=\"e-con-inner\">\n\t\t<div class=\"elementor-element elementor-element-5c958bc4 e-con-full e-flex e-con e-child\" data-id=\"5c958bc4\" data-element_type=\"container\" data-e-type=\"container\">\n\t\t\t\t<div class=\"elementor-element elementor-element-136fc89f elementor-icon-list--layout-traditional elementor-list-item-link-full_width elementor-invisible elementor-widget elementor-widget-icon-list\" data-id=\"136fc89f\" data-element_type=\"widget\" data-e-type=\"widget\" data-settings=\"{&quot;_animation&quot;:&quot;fadeInUp&quot;}\" data-widget_type=\"icon-list.default\">\n\t\t\t\t\t\t\t<ul class=\"elementor-icon-list-items\">\n\t\t\t\t\t\t\t<li class=\"elementor-icon-list-item\">\n\t\t\t\t\t\t\t\t\t\t\t<span class=\"elementor-icon-list-icon\">\n\t\t\t\t\t\t\t<svg aria-hidden=\"true\" class=\"e-font-icon-svg e-fas-map-marker-alt\" viewbox=\"0 0 384 512\" xmlns=\"http:\/\/www.w3.org\/2000\/svg\"><path d=\"M172.268 501.67C26.97 291.031 0 269.413 0 192 0 85.961 85.961 0 192 0s192 85.961 192 192c0 77.413-26.97 99.031-172.268 309.67-9.535 13.774-29.93 13.773-39.464 0zM192 272c44.183 0 80-35.817 80-80s-35.817-80-80-80-80 35.817-80 80 35.817 80 80 80z\"><\/path><\/svg>\t\t\t\t\t\t<\/span>\n\t\t\t\t\t\t\t\t\t\t<span class=\"elementor-icon-list-text\">Fethiye<\/span>\n\t\t\t\t\t\t\t\t\t<\/li>\n\t\t\t\t\t\t<\/ul>\n\t\t\t\t\t\t<\/div>\n\t\t\t\t<div class=\"elementor-element elementor-element-75cc1ce8 elementor-invisible elementor-widget elementor-widget-heading\" data-id=\"75cc1ce8\" data-element_type=\"widget\" data-e-type=\"widget\" data-settings=\"{&quot;_animation&quot;:&quot;fadeInUp&quot;}\" data-widget_type=\"heading.default\">\n\t\t\t\t\t<h3 class=\"elementor-heading-title elementor-size-default\">Fethiye: 12 Adalar Tekne Turu<\/h3>\t\t\t\t<\/div>\n\t\t\t\t<div class=\"elementor-element elementor-element-411b2df9 elementor-invisible elementor-widget elementor-widget-text-editor\" data-id=\"411b2df9\" data-element_type=\"widget\" data-e-type=\"widget\" data-settings=\"{&quot;_animation&quot;:&quot;fadeInUp&quot;}\" data-widget_type=\"text-editor.default\">\n\t\t\t\t\t\t\t\t\t<p data-path-to-node=\"3\">Fethiye liman\u0131ndan hareketle G\u00f6cek ve K\u0131z\u0131l Ada gibi sakl\u0131 noktalar\u0131 ke\u015ffedece\u011finiz ayr\u0131cal\u0131kl\u0131 12 Adalar Tekne Turumuzla Akdeniz\u2019in en g\u00f6z al\u0131c\u0131 manzaralar\u0131n\u0131 deneyimleyin. Y\u00fcksek sesli m\u00fczik ve kalabal\u0131k olmadan huzura \u00f6ncelik verdi\u011fimiz bu yolculukta; berrak sular\u0131n tad\u0131n\u0131 \u00e7\u0131karabilir, Tav\u015fan Adas\u0131\u2019n\u0131 ziyaret edebilir ve yunuslarla kar\u015f\u0131la\u015fma \u015fans\u0131 yakalayabilirsiniz. G\u00fcvenlik ve kalite odakl\u0131 8 saatlik turumuzda otel transferi ve barbek\u00fc \u00f6\u011fle yeme\u011fi dahil olup, size sadece mayonuzu al\u0131p bu e\u015fsiz maceran\u0131n tad\u0131n\u0131 \u00e7\u0131karmak kal\u0131yor.<\/p>\t\t\t\t\t\t\t\t<\/div>\n\t\t<div class=\"elementor-element elementor-element-6617988b e-con-full e-flex e-con e-child\" data-id=\"6617988b\" data-element_type=\"container\" data-e-type=\"container\">\n\t\t\t\t<div class=\"elementor-element elementor-element-3bf0dd4b elementor-invisible elementor-widget elementor-widget-heading\" data-id=\"3bf0dd4b\" data-element_type=\"widget\" data-e-type=\"widget\" data-settings=\"{&quot;_animation&quot;:&quot;fadeInUp&quot;}\" data-widget_type=\"heading.default\">\n\t\t\t\t\t<h6 class=\"elementor-heading-title elementor-size-default\">Galeri<\/h6>\t\t\t\t<\/div>\n\t\t\t\t<div class=\"elementor-element elementor-element-610d9fbe gallery-spacing-custom elementor-invisible elementor-widget elementor-widget-image-gallery\" data-id=\"610d9fbe\" data-element_type=\"widget\" data-e-type=\"widget\" data-settings=\"{&quot;_animation&quot;:&quot;fadeInUp&quot;}\" data-widget_type=\"image-gallery.default\">\n\t\t\t\t\t\t\t<div class=\"elementor-image-gallery\">\n\t\t\t<div id='gallery-1' class='gallery galleryid-535 gallery-columns-2 gallery-size-full'><figure class='gallery-item'>\n\t\t\t<div class='gallery-icon landscape'>\n\t\t\t\t<a data-elementor-open-lightbox=\"yes\" data-elementor-lightbox-slideshow=\"610d9fbe\" data-elementor-lightbox-title=\"21\" data-e-action-hash=\"#elementor-action%3Aaction%3Dlightbox%26settings%3DeyJpZCI6NTQxLCJ1cmwiOiJodHRwczpcL1wvd3d3LmRhbHlhbmNhcmV0dGF0cmF2ZWwuY29tXC93cC1jb250ZW50XC91cGxvYWRzXC8yMDI2XC8wM1wvMjEuanBnIiwic2xpZGVzaG93IjoiNjEwZDlmYmUifQ%3D%3D\" href='https:\/\/www.dalyancarettatravel.com\/wp-content\/uploads\/2026\/03\/21.jpg'><img fetchpriority=\"high\" decoding=\"async\" width=\"670\" height=\"446\" src=\"https:\/\/www.dalyancarettatravel.com\/wp-content\/uploads\/2026\/03\/21.jpg\" class=\"attachment-full size-full\" alt=\"\" srcset=\"https:\/\/www.dalyancarettatravel.com\/wp-content\/uploads\/2026\/03\/21.jpg 670w, https:\/\/www.dalyancarettatravel.com\/wp-content\/uploads\/2026\/03\/21-300x200.jpg 300w\" sizes=\"(max-width: 670px) 100vw, 670px\" \/><\/a>\n\t\t\t<\/div><\/figure><figure class='gallery-item'>\n\t\t\t<div class='gallery-icon landscape'>\n\t\t\t\t<a data-elementor-open-lightbox=\"yes\" data-elementor-lightbox-slideshow=\"610d9fbe\" data-elementor-lightbox-title=\"12-island-boat-trip\" data-e-action-hash=\"#elementor-action%3Aaction%3Dlightbox%26settings%3DeyJpZCI6NTQyLCJ1cmwiOiJodHRwczpcL1wvd3d3LmRhbHlhbmNhcmV0dGF0cmF2ZWwuY29tXC93cC1jb250ZW50XC91cGxvYWRzXC8yMDI2XC8wM1wvMTItaXNsYW5kLWJvYXQtdHJpcC5qcGciLCJzbGlkZXNob3ciOiI2MTBkOWZiZSJ9\" href='https:\/\/www.dalyancarettatravel.com\/wp-content\/uploads\/2026\/03\/12-island-boat-trip.jpg'><img decoding=\"async\" width=\"800\" height=\"530\" src=\"https:\/\/www.dalyancarettatravel.com\/wp-content\/uploads\/2026\/03\/12-island-boat-trip.jpg\" class=\"attachment-full size-full\" alt=\"\" aria-describedby=\"gallery-1-542\" srcset=\"https:\/\/www.dalyancarettatravel.com\/wp-content\/uploads\/2026\/03\/12-island-boat-trip.jpg 800w, https:\/\/www.dalyancarettatravel.com\/wp-content\/uploads\/2026\/03\/12-island-boat-trip-300x199.jpg 300w, https:\/\/www.dalyancarettatravel.com\/wp-content\/uploads\/2026\/03\/12-island-boat-trip-768x509.jpg 768w\" sizes=\"(max-width: 800px) 100vw, 800px\" \/><\/a>\n\t\t\t<\/div>\n\t\t\t\t<figcaption class='wp-caption-text gallery-caption' id='gallery-1-542'>\n\t\t\t\t????????????????????????????????????\n\t\t\t\t<\/figcaption><\/figure><figure class='gallery-item'>\n\t\t\t<div class='gallery-icon landscape'>\n\t\t\t\t<a data-elementor-open-lightbox=\"yes\" data-elementor-lightbox-slideshow=\"610d9fbe\" data-elementor-lightbox-title=\"12-Islands-Boat-Trip-Photo-6\" data-e-action-hash=\"#elementor-action%3Aaction%3Dlightbox%26settings%3DeyJpZCI6NTQzLCJ1cmwiOiJodHRwczpcL1wvd3d3LmRhbHlhbmNhcmV0dGF0cmF2ZWwuY29tXC93cC1jb250ZW50XC91cGxvYWRzXC8yMDI2XC8wM1wvMTItSXNsYW5kcy1Cb2F0LVRyaXAtUGhvdG8tNi5qcGciLCJzbGlkZXNob3ciOiI2MTBkOWZiZSJ9\" href='https:\/\/www.dalyancarettatravel.com\/wp-content\/uploads\/2026\/03\/12-Islands-Boat-Trip-Photo-6.jpg'><img decoding=\"async\" width=\"1080\" height=\"1080\" src=\"https:\/\/www.dalyancarettatravel.com\/wp-content\/uploads\/2026\/03\/12-Islands-Boat-Trip-Photo-6.jpg\" class=\"attachment-full size-full\" alt=\"\" srcset=\"https:\/\/www.dalyancarettatravel.com\/wp-content\/uploads\/2026\/03\/12-Islands-Boat-Trip-Photo-6.jpg 1080w, https:\/\/www.dalyancarettatravel.com\/wp-content\/uploads\/2026\/03\/12-Islands-Boat-Trip-Photo-6-300x300.jpg 300w, https:\/\/www.dalyancarettatravel.com\/wp-content\/uploads\/2026\/03\/12-Islands-Boat-Trip-Photo-6-1024x1024.jpg 1024w, https:\/\/www.dalyancarettatravel.com\/wp-content\/uploads\/2026\/03\/12-Islands-Boat-Trip-Photo-6-150x150.jpg 150w, https:\/\/www.dalyancarettatravel.com\/wp-content\/uploads\/2026\/03\/12-Islands-Boat-Trip-Photo-6-768x768.jpg 768w\" sizes=\"(max-width: 1080px) 100vw, 1080px\" \/><\/a>\n\t\t\t<\/div><\/figure><figure class='gallery-item'>\n\t\t\t<div class='gallery-icon landscape'>\n\t\t\t\t<a data-elementor-open-lightbox=\"yes\" data-elementor-lightbox-slideshow=\"610d9fbe\" data-elementor-lightbox-title=\"yassica\" data-e-action-hash=\"#elementor-action%3Aaction%3Dlightbox%26settings%3DeyJpZCI6NDc0LCJ1cmwiOiJodHRwczpcL1wvd3d3LmRhbHlhbmNhcmV0dGF0cmF2ZWwuY29tXC93cC1jb250ZW50XC91cGxvYWRzXC8yMDI2XC8wM1wveWFzc2ljYS53ZWJwIiwic2xpZGVzaG93IjoiNjEwZDlmYmUifQ%3D%3D\" href='https:\/\/www.dalyancarettatravel.com\/wp-content\/uploads\/2026\/03\/yassica.webp'><img loading=\"lazy\" decoding=\"async\" width=\"1200\" height=\"800\" src=\"https:\/\/www.dalyancarettatravel.com\/wp-content\/uploads\/2026\/03\/yassica.webp\" class=\"attachment-full size-full\" alt=\"\" srcset=\"https:\/\/www.dalyancarettatravel.com\/wp-content\/uploads\/2026\/03\/yassica.webp 1200w, https:\/\/www.dalyancarettatravel.com\/wp-content\/uploads\/2026\/03\/yassica-300x200.webp 300w, https:\/\/www.dalyancarettatravel.com\/wp-content\/uploads\/2026\/03\/yassica-1024x683.webp 1024w, https:\/\/www.dalyancarettatravel.com\/wp-content\/uploads\/2026\/03\/yassica-768x512.webp 768w\" sizes=\"(max-width: 1200px) 100vw, 1200px\" \/><\/a>\n\t\t\t<\/div><\/figure>\n\t\t<\/div>\n\t\t<\/div>\n\t\t\t\t\t\t<\/div>\n\t\t\t\t<\/div>\n\t\t\t\t<\/div>\n\t\t<div class=\"elementor-element elementor-element-55128af6 e-con-full e-flex e-con e-child\" data-id=\"55128af6\" data-element_type=\"container\" data-e-type=\"container\">\n\t\t<div class=\"elementor-element elementor-element-769bfc6c e-con-full e-flex elementor-invisible e-con e-child\" data-id=\"769bfc6c\" data-element_type=\"container\" data-e-type=\"container\" data-settings=\"{&quot;background_background&quot;:&quot;classic&quot;,&quot;animation&quot;:&quot;fadeInUp&quot;}\">\n\t\t\t\t<div class=\"elementor-element elementor-element-39d644f7 elementor-widget elementor-widget-heading\" data-id=\"39d644f7\" data-element_type=\"widget\" data-e-type=\"widget\" data-widget_type=\"heading.default\">\n\t\t\t\t\t<h2 class=\"elementor-heading-title elementor-size-default\">Fiyat Sorunuz<\/h2>\t\t\t\t<\/div>\n\t\t\t\t<div class=\"elementor-element elementor-element-4b0cc1a4 elementor-align-justify elementor-widget__width-inherit elementor-widget elementor-widget-button\" data-id=\"4b0cc1a4\" data-element_type=\"widget\" data-e-type=\"widget\" data-widget_type=\"button.default\">\n\t\t\t\t\t\t\t\t\t\t<a class=\"elementor-button elementor-button-link elementor-size-sm\" href=\"https:\/\/www.dalyancarettatravel.com\/tur\/contact\/\">\n\t\t\t\t\t\t<span class=\"elementor-button-content-wrapper\">\n\t\t\t\t\t\t\t\t\t<span class=\"elementor-button-text\">\u015eimdi Rezervasyon Yap\u0131n<\/span>\n\t\t\t\t\t<\/span>\n\t\t\t\t\t<\/a>\n\t\t\t\t\t\t\t\t<\/div>\n\t\t\t\t<\/div>\n\t\t\t\t<\/div>\n\t\t\t\t\t<\/div>\n\t\t\t\t<\/div>\n\t\t\t\t<\/div>","protected":false},"excerpt":{"rendered":"<p>12 Islands Tour Fethiye Fethiye: 12 Islands Boat Suite Experience the Mediterranean\u2019s most stunning landscapes with our premium 12 Islands Boat Tour, departing from Fethiye to explore secluded spots like Gocek and Red Island. We prioritize peace and comfort\u2014guaranteeing no loud music or overbooking\u2014while offering crystal-clear waters, family-friendly visits to Rabbit Island, and a high [&hellip;]<\/p>\n","protected":false},"author":1,"featured_media":0,"parent":0,"menu_order":0,"comment_status":"closed","ping_status":"closed","template":"","meta":{"footnotes":""},"class_list":["post-535","page","type-page","status-publish","hentry"],"yoast_head":"<!-- This site is optimized with the Yoast SEO plugin v27.3 - https:\/\/yoast.com\/product\/yoast-seo-wordpress\/ -->\n<title>12 Islands Sailing &#062; Dalyan Caretta Travel Agency<\/title>\n<meta name=\"robots\" content=\"index, follow, max-snippet:-1, max-image-preview:large, max-video-preview:-1\" \/>\n<link rel=\"canonical\" href=\"https:\/\/www.dalyancarettatravel.com\/tur\/12-islands-sailing\/\" \/>\n<meta property=\"og:locale\" content=\"tr_TR\" \/>\n<meta property=\"og:type\" content=\"article\" \/>\n<meta property=\"og:title\" content=\"12 Islands Sailing &#062; Dalyan Caretta Travel Agency\" \/>\n<meta property=\"og:description\" content=\"12 Islands Tour Fethiye Fethiye: 12 Islands Boat Suite Experience the Mediterranean\u2019s most stunning landscapes with our premium 12 Islands Boat Tour, departing from Fethiye to explore secluded spots like Gocek and Red Island. We prioritize peace and comfort\u2014guaranteeing no loud music or overbooking\u2014while offering crystal-clear waters, family-friendly visits to Rabbit Island, and a high [&hellip;]\" \/>\n<meta property=\"og:url\" content=\"https:\/\/www.dalyancarettatravel.com\/tur\/12-islands-sailing\/\" \/>\n<meta property=\"og:site_name\" content=\"Dalyan Caretta Travel Agency\" \/>\n<meta property=\"article:publisher\" content=\"https:\/\/www.facebook.com\/dalyanyemeklitekneturlari\/\" \/>\n<meta property=\"article:modified_time\" content=\"2026-03-30T21:33:44+00:00\" \/>\n<meta property=\"og:image\" content=\"https:\/\/www.dalyancarettatravel.com\/wp-content\/uploads\/2026\/03\/21.jpg\" \/>\n<meta name=\"twitter:card\" content=\"summary_large_image\" \/>\n<script type=\"application\/ld+json\" class=\"yoast-schema-graph\">{\"@context\":\"https:\\\/\\\/schema.org\",\"@graph\":[{\"@type\":\"WebPage\",\"@id\":\"https:\\\/\\\/www.dalyancarettatravel.com\\\/12-islands-sailing\\\/\",\"url\":\"https:\\\/\\\/www.dalyancarettatravel.com\\\/12-islands-sailing\\\/\",\"name\":\"12 Islands Sailing &#062; Dalyan Caretta Travel Agency\",\"isPartOf\":{\"@id\":\"https:\\\/\\\/www.dalyancarettatravel.com\\\/#website\"},\"primaryImageOfPage\":{\"@id\":\"https:\\\/\\\/www.dalyancarettatravel.com\\\/12-islands-sailing\\\/#primaryimage\"},\"image\":{\"@id\":\"https:\\\/\\\/www.dalyancarettatravel.com\\\/12-islands-sailing\\\/#primaryimage\"},\"thumbnailUrl\":\"https:\\\/\\\/www.dalyancarettatravel.com\\\/wp-content\\\/uploads\\\/2026\\\/03\\\/21.jpg\",\"datePublished\":\"2026-03-28T15:43:09+00:00\",\"dateModified\":\"2026-03-30T21:33:44+00:00\",\"breadcrumb\":{\"@id\":\"https:\\\/\\\/www.dalyancarettatravel.com\\\/12-islands-sailing\\\/#breadcrumb\"},\"inLanguage\":\"tr\",\"potentialAction\":[{\"@type\":\"ReadAction\",\"target\":[\"https:\\\/\\\/www.dalyancarettatravel.com\\\/12-islands-sailing\\\/\"]}]},{\"@type\":\"ImageObject\",\"inLanguage\":\"tr\",\"@id\":\"https:\\\/\\\/www.dalyancarettatravel.com\\\/12-islands-sailing\\\/#primaryimage\",\"url\":\"https:\\\/\\\/www.dalyancarettatravel.com\\\/wp-content\\\/uploads\\\/2026\\\/03\\\/21.jpg\",\"contentUrl\":\"https:\\\/\\\/www.dalyancarettatravel.com\\\/wp-content\\\/uploads\\\/2026\\\/03\\\/21.jpg\"},{\"@type\":\"BreadcrumbList\",\"@id\":\"https:\\\/\\\/www.dalyancarettatravel.com\\\/12-islands-sailing\\\/#breadcrumb\",\"itemListElement\":[{\"@type\":\"ListItem\",\"position\":1,\"name\":\"Anasayfa\",\"item\":\"https:\\\/\\\/www.dalyancarettatravel.com\\\/\"},{\"@type\":\"ListItem\",\"position\":2,\"name\":\"12 Islands Sailing\"}]},{\"@type\":\"WebSite\",\"@id\":\"https:\\\/\\\/www.dalyancarettatravel.com\\\/#website\",\"url\":\"https:\\\/\\\/www.dalyancarettatravel.com\\\/\",\"name\":\"Dalyan Boat Trips\",\"description\":\"Dalyan Boat Trips\",\"publisher\":{\"@id\":\"https:\\\/\\\/www.dalyancarettatravel.com\\\/#organization\"},\"potentialAction\":[{\"@type\":\"SearchAction\",\"target\":{\"@type\":\"EntryPoint\",\"urlTemplate\":\"https:\\\/\\\/www.dalyancarettatravel.com\\\/?s={search_term_string}\"},\"query-input\":{\"@type\":\"PropertyValueSpecification\",\"valueRequired\":true,\"valueName\":\"search_term_string\"}}],\"inLanguage\":\"tr\"},{\"@type\":\"Organization\",\"@id\":\"https:\\\/\\\/www.dalyancarettatravel.com\\\/#organization\",\"name\":\"Dalyan Caretta Travel Agency\",\"url\":\"https:\\\/\\\/www.dalyancarettatravel.com\\\/\",\"logo\":{\"@type\":\"ImageObject\",\"inLanguage\":\"tr\",\"@id\":\"https:\\\/\\\/www.dalyancarettatravel.com\\\/#\\\/schema\\\/logo\\\/image\\\/\",\"url\":\"https:\\\/\\\/www.dalyancarettatravel.com\\\/wp-content\\\/uploads\\\/2026\\\/03\\\/dalyan-caretta-travel-agency-son.pdf-scaled.png\",\"contentUrl\":\"https:\\\/\\\/www.dalyancarettatravel.com\\\/wp-content\\\/uploads\\\/2026\\\/03\\\/dalyan-caretta-travel-agency-son.pdf-scaled.png\",\"width\":2560,\"height\":614,\"caption\":\"Dalyan Caretta Travel Agency\"},\"image\":{\"@id\":\"https:\\\/\\\/www.dalyancarettatravel.com\\\/#\\\/schema\\\/logo\\\/image\\\/\"},\"sameAs\":[\"https:\\\/\\\/www.facebook.com\\\/dalyanyemeklitekneturlari\\\/\",\"https:\\\/\\\/www.instagram.com\\\/dalyanyemeklitekneturlari\\\/\"]}]}<\/script>\n<!-- \/ Yoast SEO plugin. -->","yoast_head_json":{"title":"12 Islands Sailing &#062; Dalyan Caretta Travel Agency","robots":{"index":"index","follow":"follow","max-snippet":"max-snippet:-1","max-image-preview":"max-image-preview:large","max-video-preview":"max-video-preview:-1"},"canonical":"https:\/\/www.dalyancarettatravel.com\/tur\/12-islands-sailing\/","og_locale":"tr_TR","og_type":"article","og_title":"12 Islands Sailing &#062; Dalyan Caretta Travel Agency","og_description":"12 Islands Tour Fethiye Fethiye: 12 Islands Boat Suite Experience the Mediterranean\u2019s most stunning landscapes with our premium 12 Islands Boat Tour, departing from Fethiye to explore secluded spots like Gocek and Red Island. We prioritize peace and comfort\u2014guaranteeing no loud music or overbooking\u2014while offering crystal-clear waters, family-friendly visits to Rabbit Island, and a high [&hellip;]","og_url":"https:\/\/www.dalyancarettatravel.com\/tur\/12-islands-sailing\/","og_site_name":"Dalyan Caretta Travel Agency","article_publisher":"https:\/\/www.facebook.com\/dalyanyemeklitekneturlari\/","article_modified_time":"2026-03-30T21:33:44+00:00","og_image":[{"url":"https:\/\/www.dalyancarettatravel.com\/wp-content\/uploads\/2026\/03\/21.jpg","type":"","width":"","height":""}],"twitter_card":"summary_large_image","schema":{"@context":"https:\/\/schema.org","@graph":[{"@type":"WebPage","@id":"https:\/\/www.dalyancarettatravel.com\/12-islands-sailing\/","url":"https:\/\/www.dalyancarettatravel.com\/12-islands-sailing\/","name":"12 Islands Sailing &#062; Dalyan Caretta Travel Agency","isPartOf":{"@id":"https:\/\/www.dalyancarettatravel.com\/#website"},"primaryImageOfPage":{"@id":"https:\/\/www.dalyancarettatravel.com\/12-islands-sailing\/#primaryimage"},"image":{"@id":"https:\/\/www.dalyancarettatravel.com\/12-islands-sailing\/#primaryimage"},"thumbnailUrl":"https:\/\/www.dalyancarettatravel.com\/wp-content\/uploads\/2026\/03\/21.jpg","datePublished":"2026-03-28T15:43:09+00:00","dateModified":"2026-03-30T21:33:44+00:00","breadcrumb":{"@id":"https:\/\/www.dalyancarettatravel.com\/12-islands-sailing\/#breadcrumb"},"inLanguage":"tr","potentialAction":[{"@type":"ReadAction","target":["https:\/\/www.dalyancarettatravel.com\/12-islands-sailing\/"]}]},{"@type":"ImageObject","inLanguage":"tr","@id":"https:\/\/www.dalyancarettatravel.com\/12-islands-sailing\/#primaryimage","url":"https:\/\/www.dalyancarettatravel.com\/wp-content\/uploads\/2026\/03\/21.jpg","contentUrl":"https:\/\/www.dalyancarettatravel.com\/wp-content\/uploads\/2026\/03\/21.jpg"},{"@type":"BreadcrumbList","@id":"https:\/\/www.dalyancarettatravel.com\/12-islands-sailing\/#breadcrumb","itemListElement":[{"@type":"ListItem","position":1,"name":"Anasayfa","item":"https:\/\/www.dalyancarettatravel.com\/"},{"@type":"ListItem","position":2,"name":"12 Islands Sailing"}]},{"@type":"WebSite","@id":"https:\/\/www.dalyancarettatravel.com\/#website","url":"https:\/\/www.dalyancarettatravel.com\/","name":"Dalyan Boat Trips","description":"Dalyan Boat Trips","publisher":{"@id":"https:\/\/www.dalyancarettatravel.com\/#organization"},"potentialAction":[{"@type":"SearchAction","target":{"@type":"EntryPoint","urlTemplate":"https:\/\/www.dalyancarettatravel.com\/?s={search_term_string}"},"query-input":{"@type":"PropertyValueSpecification","valueRequired":true,"valueName":"search_term_string"}}],"inLanguage":"tr"},{"@type":"Organization","@id":"https:\/\/www.dalyancarettatravel.com\/#organization","name":"Dalyan Caretta Travel Agency","url":"https:\/\/www.dalyancarettatravel.com\/","logo":{"@type":"ImageObject","inLanguage":"tr","@id":"https:\/\/www.dalyancarettatravel.com\/#\/schema\/logo\/image\/","url":"https:\/\/www.dalyancarettatravel.com\/wp-content\/uploads\/2026\/03\/dalyan-caretta-travel-agency-son.pdf-scaled.png","contentUrl":"https:\/\/www.dalyancarettatravel.com\/wp-content\/uploads\/2026\/03\/dalyan-caretta-travel-agency-son.pdf-scaled.png","width":2560,"height":614,"caption":"Dalyan Caretta Travel Agency"},"image":{"@id":"https:\/\/www.dalyancarettatravel.com\/#\/schema\/logo\/image\/"},"sameAs":["https:\/\/www.facebook.com\/dalyanyemeklitekneturlari\/","https:\/\/www.instagram.com\/dalyanyemeklitekneturlari\/"]}]}},"_links":{"self":[{"href":"https:\/\/www.dalyancarettatravel.com\/tur\/wp-json\/wp\/v2\/pages\/535","targetHints":{"allow":["GET"]}}],"collection":[{"href":"https:\/\/www.dalyancarettatravel.com\/tur\/wp-json\/wp\/v2\/pages"}],"about":[{"href":"https:\/\/www.dalyancarettatravel.com\/tur\/wp-json\/wp\/v2\/types\/page"}],"author":[{"embeddable":true,"href":"https:\/\/www.dalyancarettatravel.com\/tur\/wp-json\/wp\/v2\/users\/1"}],"replies":[{"embeddable":true,"href":"https:\/\/www.dalyancarettatravel.com\/tur\/wp-json\/wp\/v2\/comments?post=535"}],"version-history":[{"count":0,"href":"https:\/\/www.dalyancarettatravel.com\/tur\/wp-json\/wp\/v2\/pages\/535\/revisions"}],"wp:attachment":[{"href":"https:\/\/www.dalyancarettatravel.com\/tur\/wp-json\/wp\/v2\/media?parent=535"}],"curies":[{"name":"wp","href":"https:\/\/api.w.org\/{rel}","templated":true}]}}